{"id":119,"date":"2020-06-06T17:15:08","date_gmt":"2020-06-06T21:15:08","guid":{"rendered":"https:\/\/run.tribudelattre.ca\/?page_id=119"},"modified":"2024-11-15T20:18:22","modified_gmt":"2024-11-16T01:18:22","slug":"calendrier-dentrainements","status":"publish","type":"page","link":"https:\/\/run.tribudelattre.ca\/index.php\/calendrier-dentrainements\/","title":{"rendered":"Mon entra\u00eenement"},"content":{"rendered":"\n<p>Au commencement, j&rsquo;utilise les programmes d&rsquo;entra\u00eenement de Garmin.<\/p>\n\n\n\n<p><strong>Coaching Garmin<\/strong><\/p>\n\n\n\n<p>Ma montre <a href=\"https:\/\/buy.garmin.com\/fr-CA\/CA\/p\/646690#specs\" target=\"_blank\" rel=\"noreferrer noopener\">Forerunner 245 Music<\/a> me permet d&rsquo;avoir acc\u00e8s \u00e0 des programmes d&rsquo;entra\u00eenement pr\u00e9\u00e9tablis et adaptatifs.<\/p>\n\n\n\n<p>J&rsquo;indique la course que je souhaite faire (5,10 ou 21km), les jours o\u00f9 je souhaite courir, le coach avec qui je veux souffrir et une date de course. Avec tout \u00e7a, me voil\u00e0 parti pour 12, 14 ou 16 semaines de souffrance programm\u00e9e! J&rsquo;ai choisi de courir avec Jeff Gallaway, coureur am\u00e9ricain, qui me planifie trois s\u00e9ances par semaine.<\/p>\n\n\n\n<figure class=\"wp-block-image size-large\"><img decoding=\"async\" width=\"1024\" height=\"672\" src=\"https:\/\/run.tribudelattre.ca\/wp-content\/uploads\/2020\/06\/image-4-1024x672.png\" alt=\"\" class=\"wp-image-122\" srcset=\"https:\/\/run.tribudelattre.ca\/wp-content\/uploads\/2020\/06\/image-4-1024x672.png 1024w, https:\/\/run.tribudelattre.ca\/wp-content\/uploads\/2020\/06\/image-4-300x197.png 300w, https:\/\/run.tribudelattre.ca\/wp-content\/uploads\/2020\/06\/image-4-768x504.png 768w, https:\/\/run.tribudelattre.ca\/wp-content\/uploads\/2020\/06\/image-4-1536x1008.png 1536w, https:\/\/run.tribudelattre.ca\/wp-content\/uploads\/2020\/06\/image-4-2048x1344.png 2048w, https:\/\/run.tribudelattre.ca\/wp-content\/uploads\/2020\/06\/image-4-1600x1050.png 1600w\" sizes=\"(max-width: 1024px) 100vw, 1024px\" \/><\/figure>\n\n\n\n<p>Le calendrier d&rsquo;entra\u00eenement me pr\u00e9sente la semaine:<\/p>\n\n\n\n<figure class=\"wp-block-image size-large\"><img decoding=\"async\" width=\"953\" height=\"1024\" src=\"https:\/\/run.tribudelattre.ca\/wp-content\/uploads\/2020\/06\/image-7-953x1024.png\" alt=\"\" class=\"wp-image-126\" srcset=\"https:\/\/run.tribudelattre.ca\/wp-content\/uploads\/2020\/06\/image-7-953x1024.png 953w, https:\/\/run.tribudelattre.ca\/wp-content\/uploads\/2020\/06\/image-7-279x300.png 279w, https:\/\/run.tribudelattre.ca\/wp-content\/uploads\/2020\/06\/image-7-768x825.png 768w, https:\/\/run.tribudelattre.ca\/wp-content\/uploads\/2020\/06\/image-7-1429x1536.png 1429w, https:\/\/run.tribudelattre.ca\/wp-content\/uploads\/2020\/06\/image-7.png 1446w\" sizes=\"(max-width: 953px) 100vw, 953px\" \/><\/figure>\n\n\n\n<p>Et en d\u00e9tail, voici la r\u00e9p\u00e9tition de vitesse pour Dimanche (on voit 10x800m de r\u00e9p\u00e9titions de vitesse &#8211; \u00e7a va \u00eatre un bon Dimanche):<\/p>\n\n\n\n<figure class=\"wp-block-image size-large\"><img decoding=\"async\" width=\"505\" height=\"1024\" src=\"https:\/\/run.tribudelattre.ca\/wp-content\/uploads\/2020\/06\/image-6-505x1024.png\" alt=\"\" class=\"wp-image-125\" srcset=\"https:\/\/run.tribudelattre.ca\/wp-content\/uploads\/2020\/06\/image-6-505x1024.png 505w, https:\/\/run.tribudelattre.ca\/wp-content\/uploads\/2020\/06\/image-6-148x300.png 148w, https:\/\/run.tribudelattre.ca\/wp-content\/uploads\/2020\/06\/image-6-768x1556.png 768w, https:\/\/run.tribudelattre.ca\/wp-content\/uploads\/2020\/06\/image-6-758x1536.png 758w, https:\/\/run.tribudelattre.ca\/wp-content\/uploads\/2020\/06\/image-6-1011x2048.png 1011w, https:\/\/run.tribudelattre.ca\/wp-content\/uploads\/2020\/06\/image-6.png 1134w\" sizes=\"(max-width: 505px) 100vw, 505px\" \/><\/figure>\n\n\n\n<p><strong>Auto coaching<\/strong><\/p>\n\n\n\n<p>Par la suite, je me suis fait mes propres entra\u00eenements m\u00eame si la montre est capable de m&rsquo;en proposer. En courant un marathon, pas d&rsquo;entra\u00eenement disponible chez Jeff ou autres. Donc on compose et c&rsquo;est sympa. En phase de transition avant le plan pour une course (16 semaines), je prends un entrainement 21k chez Jeff, auquel j&rsquo;ajoute, pour monter mon volume en vue d&rsquo;un marathon&#8230;<\/p>\n\n\n\n<p>En suite, pour l&rsquo;entra\u00eenement Marathon, je compose par moi m\u00eame: R\u00e9p\u00e9titions d&rsquo;allure, de vitesse ou pentes, 2 footings et une sortie longue qui peut aller en fin d&rsquo;entrainement \u00e0 30-32km.<\/p>\n\n\n\n<p>Coaching avec un pro<\/p>\n\n\n\n<p>Apr\u00e8s 5 ans, j&rsquo;ai pas mal t\u00e2tonn\u00e9 et j&rsquo;en suis arriv\u00e9 \u00e0 une sorte de routine monotone: difficile de changer des recettes qui ont pu gagner (pb de <a href=\"https:\/\/run.tribudelattre.ca\/index.php\/2024\/04\/09\/marathon-de-paris-2024-2\/\" data-type=\"post\" data-id=\"2315\" target=\"_blank\" rel=\"noreferrer noopener\">3h24 \u00e0 Paris<\/a> en 2024). De l\u00e0 on reste toujours sur les m\u00eames recettes. De plus, difficile de d\u00e9terminer les limites et donc on trouve la blessure. Donc, je suis all\u00e9 chercher un coach: voir <a href=\"https:\/\/run.tribudelattre.ca\/index.php\/2024\/10\/23\/et-je-me-fais-coacher\/\" data-type=\"post\" data-id=\"2629\" target=\"_blank\" rel=\"noreferrer noopener\">Progresser avec un coach<\/a> <\/p>\n\n\n\n<p><\/p>\n","protected":false},"excerpt":{"rendered":"<p>Au commencement, j&rsquo;utilise les programmes d&rsquo;entra\u00eenement de Garmin. Coaching Garmin Ma montre Forerunner 245 Music me permet d&rsquo;avoir acc\u00e8s \u00e0 des programmes d&rsquo;entra\u00eenement pr\u00e9\u00e9tablis et adaptatifs. J&rsquo;indique la course que je souhaite faire (5,10 ou 21km), les jours o\u00f9 je souhaite courir, le coach avec qui je veux souffrir et une date de course. Avec [&hellip;]<\/p>\n","protected":false},"author":1,"featured_media":0,"parent":0,"menu_order":0,"comment_status":"closed","ping_status":"closed","template":"","meta":{"footnotes":""},"class_list":["post-119","page","type-page","status-publish","czr-hentry"],"_links":{"self":[{"href":"https:\/\/run.tribudelattre.ca\/index.php\/wp-json\/wp\/v2\/pages\/119","targetHints":{"allow":["GET"]}}],"collection":[{"href":"https:\/\/run.tribudelattre.ca\/index.php\/wp-json\/wp\/v2\/pages"}],"about":[{"href":"https:\/\/run.tribudelattre.ca\/index.php\/wp-json\/wp\/v2\/types\/page"}],"author":[{"embeddable":true,"href":"https:\/\/run.tribudelattre.ca\/index.php\/wp-json\/wp\/v2\/users\/1"}],"replies":[{"embeddable":true,"href":"https:\/\/run.tribudelattre.ca\/index.php\/wp-json\/wp\/v2\/comments?post=119"}],"version-history":[{"count":10,"href":"https:\/\/run.tribudelattre.ca\/index.php\/wp-json\/wp\/v2\/pages\/119\/revisions"}],"predecessor-version":[{"id":2860,"href":"https:\/\/run.tribudelattre.ca\/index.php\/wp-json\/wp\/v2\/pages\/119\/revisions\/2860"}],"wp:attachment":[{"href":"https:\/\/run.tribudelattre.ca\/index.php\/wp-json\/wp\/v2\/media?parent=119"}],"curies":[{"name":"wp","href":"https:\/\/api.w.org\/{rel}","templated":true}]}}