{"id":1199,"date":"2022-11-06T21:48:40","date_gmt":"2022-11-07T02:48:40","guid":{"rendered":"https:\/\/run.tribudelattre.ca\/?page_id=1199"},"modified":"2026-03-30T21:18:26","modified_gmt":"2026-03-31T01:18:26","slug":"objectifs-2022","status":"publish","type":"page","link":"https:\/\/run.tribudelattre.ca\/index.php\/objectifs\/objectifs-2022\/","title":{"rendered":"Objectifs 2022"},"content":{"rendered":"\n<p>Inscription pour les marathons de Longueuil et Montr\u00e9al. Am\u00e9liorer les temps entre 3h40 et 3h50.<\/p>\n\n\n\n<p>En projet participer \u00e0 la Classique de La Fontaine.<\/p>\n\n\n\n<p><\/p>\n\n\n\n<p>Bilan:<\/p>\n\n\n\n<p>Le marathon de Longueuil a \u00e9t\u00e9 fait en 4h08. \u00c7a ne s&rsquo;est pas d\u00e9roul\u00e9 comme escompt\u00e9. Pour ne pas rester sur cette d\u00e9convenue, j&rsquo;ai couru 2 semaines plus tard le Marathon de Laval en 4h02.<\/p>\n\n\n\n<p>Le marathon de Montr\u00e9al c&rsquo;est bien pass\u00e9 en 3h46. Les pentes ont fait la diff\u00e9rence et peut-\u00eatre moins de fatigue ?<\/p>\n\n\n\n<p>Par la suite un 5 en 21&rsquo;31 et un 10k en 43&rsquo;58\u00a0\u00bb (Officiel 44&rsquo;21). <\/p>\n\n\n\n<p>En fin, pause avant l&rsquo;OCM o\u00f9 j&rsquo;aurai bien voulu faire un 21k mais j&rsquo;\u00e9tais fatigu\u00e9.<\/p>\n\n\n\n<p>Toujours une douleur \u00e0 la cuisse gauche et \u00e0 la cheville droite (lors de l&rsquo;appuie de temps en temps), m\u00eame apr\u00e8s 2 semaines de pause. A suivre<\/p>\n\n\n\n<p><\/p>\n","protected":false},"excerpt":{"rendered":"<p>Inscription pour les marathons de Longueuil et Montr\u00e9al. Am\u00e9liorer les temps entre 3h40 et 3h50. En projet participer \u00e0 la Classique de La Fontaine. Bilan: Le marathon de Longueuil a \u00e9t\u00e9 fait en 4h08. \u00c7a ne s&rsquo;est pas d\u00e9roul\u00e9 comme escompt\u00e9. Pour ne pas rester sur cette d\u00e9convenue, j&rsquo;ai couru 2 semaines plus tard le [&hellip;]<\/p>\n","protected":false},"author":1,"featured_media":0,"parent":39,"menu_order":0,"comment_status":"closed","ping_status":"closed","template":"","meta":{"footnotes":""},"class_list":["post-1199","page","type-page","status-publish","czr-hentry"],"_links":{"self":[{"href":"https:\/\/run.tribudelattre.ca\/index.php\/wp-json\/wp\/v2\/pages\/1199","targetHints":{"allow":["GET"]}}],"collection":[{"href":"https:\/\/run.tribudelattre.ca\/index.php\/wp-json\/wp\/v2\/pages"}],"about":[{"href":"https:\/\/run.tribudelattre.ca\/index.php\/wp-json\/wp\/v2\/types\/page"}],"author":[{"embeddable":true,"href":"https:\/\/run.tribudelattre.ca\/index.php\/wp-json\/wp\/v2\/users\/1"}],"replies":[{"embeddable":true,"href":"https:\/\/run.tribudelattre.ca\/index.php\/wp-json\/wp\/v2\/comments?post=1199"}],"version-history":[{"count":2,"href":"https:\/\/run.tribudelattre.ca\/index.php\/wp-json\/wp\/v2\/pages\/1199\/revisions"}],"predecessor-version":[{"id":1873,"href":"https:\/\/run.tribudelattre.ca\/index.php\/wp-json\/wp\/v2\/pages\/1199\/revisions\/1873"}],"up":[{"embeddable":true,"href":"https:\/\/run.tribudelattre.ca\/index.php\/wp-json\/wp\/v2\/pages\/39"}],"wp:attachment":[{"href":"https:\/\/run.tribudelattre.ca\/index.php\/wp-json\/wp\/v2\/media?parent=1199"}],"curies":[{"name":"wp","href":"https:\/\/api.w.org\/{rel}","templated":true}]}}