{"id":23,"date":"2020-06-06T13:45:08","date_gmt":"2020-06-06T17:45:08","guid":{"rendered":"https:\/\/run.tribudelattre.ca\/?page_id=23"},"modified":"2025-09-06T17:39:23","modified_gmt":"2025-09-06T21:39:23","slug":"equipements","status":"publish","type":"page","link":"https:\/\/run.tribudelattre.ca\/index.php\/equipements\/","title":{"rendered":"Pieds"},"content":{"rendered":"\n<p>Passons en revue ce qui compose mes \u00e9quipements.<\/p>\n\n\n\n<p><strong>Chaussures<\/strong><\/p>\n\n\n\n<p>En d\u00e9butant, j\u2019ai sorti mes chaussures de chez D\u00e9cathlon. Deuxi\u00e8me prix, parfaites pour courir 10 m\u00e8tres en magasin! D\u00e8s que les kilom\u00e8tres s\u2019enchainent, la douleur au niveau du dos appara\u00eet. Je ne cherche pas \u00e0 blamer la qualit\u00e9 des chaussures mais plus le choix pas judicieux que j&rsquo;ai fait: ces chaussures n&rsquo;\u00e9taient pas adapt\u00e9s \u00e0 mes besoins.<\/p>\n\n\n\n<p>Donc, rapidement, je suis all\u00e9 dans une boutique sp\u00e9cialis\u00e9e (<a href=\"https:\/\/boutiquecourir.com\" target=\"_blank\" rel=\"noreferrer noopener\">Boutique Courir<\/a> ou <a href=\"https:\/\/www.boutiqueendurance.ca\" target=\"_blank\" rel=\"noreferrer noopener\">Boutique Endurance<\/a>) et j\u2019ai trouv\u00e9 les <a href=\"https:\/\/www.asics.com\/ca\/fr-ca\/hommes-gel-cumulus-21-1011a551-001\" target=\"_blank\" rel=\"noreferrer noopener\">Asics Cumulus 21<\/a>.<\/p>\n\n\n<div class=\"wp-block-image\">\n<figure class=\"aligncenter is-resized\"><img decoding=\"async\" src=\"https:\/\/www.solesinmotion.ca\/wp-content\/uploads\/2020\/04\/Asics-Gel-Cumulus-21-Black-White-V2.jpg\" alt=\"\" style=\"width:375px;height:258px\"\/><figcaption class=\"wp-element-caption\">Asics Cumulus 21<\/figcaption><\/figure>\n<\/div>\n\n\n<p>Ces chaussures ont un drop de 10mm (que je ne peux certainement pas remarquer!) et surtout elles ont un coussinage qui permettent d\u2019amortir les chocs. Le jour et la nuit d\u2019un point de vue confort.<\/p>\n\n\n\n<p>Par la suite, j\u2019ai trouv\u00e9 les Asics Cumulus 20 en rabais (La <a rel=\"noreferrer noopener\" href=\"https:\/\/www.ladernierechasse.com\" target=\"_blank\">Derni\u00e8re chasse<\/a>), qui ont les m\u00eames propri\u00e9t\u00e9s sur les 21.<\/p>\n\n\n<div class=\"wp-block-image\">\n<figure class=\"aligncenter is-resized\"><img decoding=\"async\" src=\"https:\/\/asics.scene7.com\/is\/image\/asics\/1011A008_400_SR_RT?$sfcc-product$\" alt=\"Men's GEL-Cumulus 20 | Race Blue\/Peacoat | Running Shoes | ASICS\" style=\"width:396px;height:296px\"\/><figcaption class=\"wp-element-caption\">Asics Cumulus 20<\/figcaption><\/figure>\n<\/div>\n\n\n<p>La dur\u00e9e de vie pour ces chaussures d\u00e9pend grandement de vos sensations, mais les 21 me semblent \u00eatre moins bonne autour des 800-1000km.&nbsp;L&rsquo;usure est un probl\u00e8me que les fabriquant n&rsquo;abordent pas pour <a href=\"https:\/\/run.tribudelattre.ca\/index.php\/2021\/04\/18\/usure-des-semelles\/\" data-type=\"post\" data-id=\"863\" target=\"_blank\" rel=\"noreferrer noopener\">diff\u00e9rentes raisons<\/a>.<\/p>\n\n\n\n<p>En 2023, le mod\u00e8le 25 a chang\u00e9 radicalement la gamme. La semelle est devenue une semelle p\u00e2te d&rsquo;\u00e9l\u00e9phant, le gel n&rsquo;est plus visible (il ne devait servir \u00e0 rien qu&rsquo;\u00e0 vendre!), les lacets sont presque \u00e9lastique et une languette, comme sur les chaussures de Trail, a \u00e9t\u00e9 ajout\u00e9 sur le talon. Bref, \u00e7a ressemble \u00e0 un coup de force du marketing pour donner au march\u00e9 une chaussure qui para\u00eet \u00ab\u00a0confort\u00a0\u00bb et adapt\u00e9 au Trail en vogue ces ann\u00e9es. On s&rsquo;\u00e9loigne d&rsquo;un mod\u00e8le compact mais efficace. Note: ce mod\u00e8le 25 m&rsquo;a permis de courir l&rsquo;hiver alors que mon pied ne supporte plus les chaussures plus rigides de Trail. Sur la 26, le mod\u00e8le est revenu au classique m\u00eame si la semelle reste patte d&rsquo;\u00e9l\u00e9phant probablement en raison du changement de mousse et pour r\u00e9partir la pression du corps sur une plus grande surface&#8230; Malin (je n&rsquo;irai pas sur le jeu de bonneteau des mouses)!<\/p>\n\n\n\n<p>Par la suite, je suis pass\u00e9 chez Brooks avec l&rsquo;Hyperion Tempo, puis l&rsquo;Hyperion. Apr\u00e8s des 10km et marathon, cette chaussure est ma favorite car tr\u00e8s l\u00e9g\u00e8re et r\u00e9pond bien (3h22 \u00e0 Paris sans probl\u00e8me). Pour le confort des footings, je retourne sur des Cumulus pour avoir du confort ou une sensation de confort!<\/p>\n\n\n\n<p>Avant mes probl\u00e8mes de pieds, pour l&rsquo;hiver, j&rsquo;utilise de Speed Cross 5 de Salomon lorsque la neige est fraiche:&nbsp;<\/p>\n\n\n<div class=\"wp-block-image\">\n<figure class=\"aligncenter is-resized\"><img decoding=\"async\" src=\"https:\/\/cdn.shopify.com\/s\/files\/1\/0155\/0629\/products\/salomon-womens-speedcross-5-gore-tex-shoes-black-black-phantom_2000x.jpg?v=1587571603\" alt=\"Salomon Women\u2019s Speedcross 5 Gore-Tex Shoes Black\/Black\/Phantom\" style=\"width:430px;height:605px\"\/><\/figure>\n<\/div>\n\n\n<p>Le soulier est tr\u00e8s int\u00e9ressant notamment au niveau du la\u00e7age. Le seul mod\u00e8le que j\u2019ai pu avoir est la version GTX (GoreTex). Le GoreTex m\u2019a \u00e9pargn\u00e9 deux fois d\u2019avoir les pieds tremp\u00e9s par la slosh invisible (masqu\u00e9 sous de la neige ou invisible dans la nuit avec des lumi\u00e8res en pleine face)! \u00c0 part ces deux faits d\u2019armes, pas certain que le Goretex apporte \u00e9norm\u00e9ment pour l\u2019hiver. J\u2019aime les utiliser dans la neige fraiche ou sur des surfaces meubles. Les crampons de la chaussure sont con\u00e7u pour accrocher le terrain meuble mais pas pour accrocher la neige dur ou la glace. Vous \u00eates pr\u00e9venu: cette chaussure n\u2019est pas une chaussure pour courir sur la glace (aucune semelle cahoutchouc ne peut donner une adh\u00e9rence sur la glace. \u00c7a prend des clous).<\/p>\n\n\n\n<p>Pour la neige moins fraiche: Saucony Perigrine (confortable) ou Salomon Sense Ride 4 (pas g\u00e9nial pour moi en raison de mon inconfort sur la rigidit\u00e9).<\/p>\n\n\n\n<p>Aussi, je cours sur la neige froide et non tass\u00e9e (lisse) avec mes cumulus. Ca fait la job sans probl\u00e8me.<\/p>\n\n\n\n<p>Si c&rsquo;est glissant et que je dois aller vite: go to the gym!<\/p>\n\n\n\n<p><strong>Accessoires<\/strong><\/p>\n\n\n\n<p>La Lampe frontale Spot 300 lumens de Black Diamond&nbsp;<\/p>\n\n\n<div class=\"wp-block-image\">\n<figure class=\"aligncenter is-resized\"><img decoding=\"async\" src=\"https:\/\/www.sail.ca\/media\/catalog\/product\/b\/l\/black-ca-620634_black__01.jpg?quality=80&amp;bg-color=255,255,255&amp;fit=bounds&amp;height=&amp;width=&amp;canvas=:\" alt=\"\" style=\"width:429px;height:142px\"\/><\/figure>\n<\/div>\n\n\n<p>m\u2019a permis d\u2019Octobre \u00e0 d\u00e9but d\u00e9cembre d\u2019aller courir le matin avant d\u2019aller travailler. A cette p\u00e9riode, le soleil se leve tard et la frontale m\u2019a permis d\u2019y voir un peu et surtout d\u2019\u00eatre vu.<\/p>\n\n\n\n<p>Pour \u00eatre vu, j\u2019ajoute, sur le bandeau de la frontale, \u00e0 l\u2019arri\u00e8re, une lumi\u00e8re pour&nbsp;<a rel=\"noreferrer noopener\" href=\"https:\/\/www.decathlon.ca\/fr\/lumieres\/186411-51167-eclairage-velo-led-vioo-clip-500-avant-arriere-noir-usb.html#\/demodelsize-254sans_taille\/demodelundefined-8584259\" target=\"_blank\">casque v\u00e9lo rouge clignotante<\/a>. De plus je porte un brassard de s\u00e9curit\u00e9.<\/p>\n\n\n<div class=\"wp-block-image\">\n<figure class=\"aligncenter is-resized\"><img decoding=\"async\" src=\"https:\/\/contents.mediadecathlon.com\/p1544455\/k$1fc5f31d788185e1950ed1b63aef6aae\/eclairage-velo-led-vioo-clip-500-avant-arriere-noir-usb.jpg?&amp;f=800x800\" alt=\"Lumi\u00e8re de v\u00e9lo avant\/arri\u00e8re DEL USB\u00a0CL\u00a0500\u00a0noire\" style=\"width:390px;height:390px\" title=\"Lumi\u00e8re de v\u00e9lo avant\/arri\u00e8re DEL USB\u00a0CL\u00a0500\u00a0noire\"\/><\/figure>\n<\/div>\n\n\n<p>Crampon \u00e0 neige: J\u2019utilise les Crampons Trail Crampon Ultra de HillSound.&nbsp;<\/p>\n\n\n<div class=\"wp-block-image\">\n<figure class=\"aligncenter is-resized\"><img decoding=\"async\" src=\"https:\/\/www.sail.ca\/media\/catalog\/product\/1\/8\/18-19530_hillsoun-tcu__01.jpg?quality=80&amp;bg-color=255,255,255&amp;fit=bounds&amp;height=&amp;width=&amp;canvas=:\" alt=\"\" style=\"width:388px;height:272px\"\/><\/figure>\n<\/div>\n\n\n<p>J\u2019en ai eu besoin pour une sortie en Mars sur le mont royal lorsque la pluie s\u2019est invit\u00e9 sur un sol enneig\u00e9 et gel\u00e9. Parfait, mais attention aux coups \u00e0 r\u00e9p\u00e9tition de crampon sur les chevilles! Je me suis ruin\u00e9 les chevilles \u00e0 en pleurer \u00e0 chaque foul\u00e9e!<\/p>\n","protected":false},"excerpt":{"rendered":"<p>Passons en revue ce qui compose mes \u00e9quipements. Chaussures En d\u00e9butant, j\u2019ai sorti mes chaussures de chez D\u00e9cathlon. Deuxi\u00e8me prix, parfaites pour courir 10 m\u00e8tres en magasin! D\u00e8s que les kilom\u00e8tres s\u2019enchainent, la douleur au niveau du dos appara\u00eet. Je ne cherche pas \u00e0 blamer la qualit\u00e9 des chaussures mais plus le choix pas judicieux [&hellip;]<\/p>\n","protected":false},"author":1,"featured_media":0,"parent":0,"menu_order":-10,"comment_status":"closed","ping_status":"closed","template":"","meta":{"footnotes":""},"class_list":["post-23","page","type-page","status-publish","czr-hentry"],"_links":{"self":[{"href":"https:\/\/run.tribudelattre.ca\/index.php\/wp-json\/wp\/v2\/pages\/23","targetHints":{"allow":["GET"]}}],"collection":[{"href":"https:\/\/run.tribudelattre.ca\/index.php\/wp-json\/wp\/v2\/pages"}],"about":[{"href":"https:\/\/run.tribudelattre.ca\/index.php\/wp-json\/wp\/v2\/types\/page"}],"author":[{"embeddable":true,"href":"https:\/\/run.tribudelattre.ca\/index.php\/wp-json\/wp\/v2\/users\/1"}],"replies":[{"embeddable":true,"href":"https:\/\/run.tribudelattre.ca\/index.php\/wp-json\/wp\/v2\/comments?post=23"}],"version-history":[{"count":29,"href":"https:\/\/run.tribudelattre.ca\/index.php\/wp-json\/wp\/v2\/pages\/23\/revisions"}],"predecessor-version":[{"id":3505,"href":"https:\/\/run.tribudelattre.ca\/index.php\/wp-json\/wp\/v2\/pages\/23\/revisions\/3505"}],"wp:attachment":[{"href":"https:\/\/run.tribudelattre.ca\/index.php\/wp-json\/wp\/v2\/media?parent=23"}],"curies":[{"name":"wp","href":"https:\/\/api.w.org\/{rel}","templated":true}]}}