{"id":272,"date":"2020-06-20T09:09:03","date_gmt":"2020-06-20T13:09:03","guid":{"rendered":"https:\/\/run.tribudelattre.ca\/?page_id=272"},"modified":"2026-04-26T21:19:05","modified_gmt":"2026-04-27T01:19:05","slug":"sur-le-net","status":"publish","type":"page","link":"https:\/\/run.tribudelattre.ca\/index.php\/sur-le-net\/","title":{"rendered":"Mes lectures"},"content":{"rendered":"\n<p>Voici les sites et athl\u00e8tes que j&rsquo;ai l&rsquo;habitude de consulter.<\/p>\n\n\n\n<p><strong>Exp\u00e9riences \/ partage<\/strong><\/p>\n\n\n\n<ul class=\"wp-block-list\">\n<li>Maxime Lopez (Runwise): <a href=\"https:\/\/www.youtube.com\/c\/RunWise_\" target=\"_blank\" rel=\"noreferrer noopener\">https:\/\/www.youtube.com\/c\/RunWise_<\/a> &#8211; Des conseils, des analyses de plans instructives et des podcasts de qualit\u00e9 inspirant autour de la course. Orient\u00e9 \u00e9lite, les vid\u00e9os et podcast arrivent \u00e0 partager pour les amateurs des conseils \/ approches int\u00e9ressantes \/ r\u00e9flexions.\n<ul class=\"wp-block-list\">\n<li>Plus orient\u00e9 maintenant sur les podcasts. Toujours int\u00e9ressant mais moins de conseil pour les d\u00e9butants (analyse&#8230;)<\/li>\n<\/ul>\n<\/li>\n\n\n\n<li>Kofuzi et ses fameux Runner&rsquo;s week-end. Tr\u00e8s bien fait. \u00c9galement des revues de chaussures. Pro: <a href=\"https:\/\/www.youtube.com\/@kofuzi\">https:\/\/www.youtube.com\/@kofuzi<\/a>. Est en train de se r\u00e9orienter dans son contenu (moins de course&#8230;)<\/li>\n<\/ul>\n\n\n\n<p><strong>Vie des athl\u00e8tes<\/strong><\/p>\n\n\n\n<ul class=\"wp-block-list\">\n<li>Ben is running: <a href=\"https:\/\/www.youtube.com\/@BenIsRunning\">https:\/\/www.youtube.com\/@BenIsRunning<\/a> &#8211; Quotidien de ce coureur britannique, revue de produit.<\/li>\n\n\n\n<li>Ben Parkes: <a href=\"https:\/\/www.youtube.com\/@BenParkes\">https:\/\/www.youtube.com\/@BenParkes<\/a> &#8211; Revue, conseil sur la course, r\u00e9cit de course&#8230; Pas mal dissip\u00e9 (touche \u00e0 tout), voyage \u00e9norm\u00e9ment. Slogan: \u00ab\u00a0Get it done\u00a0\u00bb.<\/li>\n\n\n\n<li>Anthony Frontera: <a href=\"https:\/\/www.youtube.com\/@anthony.frontera\">https:\/\/www.youtube.com\/@anthony.frontera<\/a>: Athl\u00e8te amateur de niveau r\u00e9gional. Un peu dissip\u00e9.<\/li>\n\n\n\n<li>De moins en moins suivi pour diff\u00e9rentes raisons:\n<ul class=\"wp-block-list\">\n<li>IronUMan: <a href=\"https:\/\/www.youtube.com\/channel\/UC8ZYMrDhyqgfq1xn-tf5w-A\" target=\"_blank\" rel=\"noreferrer noopener\">https:\/\/www.youtube.com\/channel\/UC8ZYMrDhyqgfq1xn-tf5w-A<\/a> &#8211; Partage sa vie de triathl\u00e8te. Parfois des contenus autres (interviews&#8230;). Plus ax\u00e9 d\u00e9sormais sur la communication de Campus Coach et contenu moins spontan\u00e9. Je suis ne le suit plus.<\/li>\n\n\n\n<li>Running Addict (habitait \u00e0 deux pas de chez moi avant de migrer vers l&rsquo;Espagne, puis la France&#8230;): <a href=\"https:\/\/www.youtube.com\/channel\/UCmCDB-4GipeUL6N9o4gJLqA\" target=\"_blank\" rel=\"noreferrer noopener\">https:\/\/www.youtube.com\/channel\/UCmCDB-4GipeUL6N9o4gJLqA<\/a> &#8211; Peut-\u00eatre un peu trop \u00e9litiste ou trop \u00e9go centr\u00e9 pour l&rsquo;amateur du Dimanche que je suis. Parfois des contenus de moindre valeur (trop tape \u00e0 l&rsquo;oeil ou but \u00e0 clic). J&rsquo;\u00e9coute rarement maintenant car je ne partage pas forcement la m\u00eame vision de la course (prise de t\u00eate permanente)<\/li>\n\n\n\n<li>Muss Life &#8211; <a href=\"https:\/\/www.youtube.com\/@mustaphasalmi\" target=\"_blank\" rel=\"noreferrer noopener\">https:\/\/www.youtube.com\/@mustaphasalmi<\/a> &#8211; vie d&rsquo;un jeune athl\u00e8te en devenir. Dissip\u00e9 dans son approche, mode influenceur pas plus int\u00e9ressant pour ma part. <\/li>\n<\/ul>\n<\/li>\n<\/ul>\n\n\n\n<p><strong>Consommation technologique<\/strong><\/p>\n\n\n\n<ul class=\"wp-block-list\">\n<li>Desfit: <a rel=\"noreferrer noopener\" href=\"https:\/\/www.youtube.com\/channel\/UCmVhS0qulkRshtLrXMeMToQ\" target=\"_blank\">https:\/\/www.youtube.com\/channel\/UCmVhS0qulkRshtLrXMeMToQ<\/a><\/li>\n<\/ul>\n\n\n\n<ul class=\"wp-block-list\">\n<li>DCRainmaker: <a rel=\"noreferrer noopener\" href=\"https:\/\/www.youtube.com\/user\/dcrainmakerblog\" target=\"_blank\">https:\/\/www.youtube.com\/user\/dcrainmakerblog<\/a><\/li>\n<\/ul>\n\n\n\n<ul class=\"wp-block-list\">\n<li>Nackan.ch: <a rel=\"noreferrer noopener\" href=\"https:\/\/www.youtube.com\/channel\/UCfQxUIhFxt59kj0hK53rZGg\" target=\"_blank\">https:\/\/www.youtube.com\/channel\/UCfQxUIhFxt59kj0hK53rZGg<\/a><\/li>\n<\/ul>\n\n\n\n<p><strong>Postcast<\/strong> <\/p>\n\n\n\n<ul class=\"wp-block-list\">\n<li>Podcast de Runwise: sur Youtube (https:\/\/www.youtube.com\/@RunWise_) et sur Spotify&#8230; Le podcast du moment. Contenu de qualit\u00e9 remplit d&rsquo;analyse de questionnement. Ouvre les horizons pour les coureurs. <\/li>\n\n\n\n<li>Dans la t\u00eate d&rsquo;un coureur: <a href=\"https:\/\/www.youtube.com\/channel\/UCSSfXib3EXZW45TjpC0ms_A\" target=\"_blank\" rel=\"noreferrer noopener\">https:\/\/www.youtube.com\/channel\/UCSSfXib3EXZW45TjpC0ms_A<\/a>. Trop script\u00e9. <\/li>\n\n\n\n<li>Dans mon bain, podcast de Mathieu Blanchard (Equipe Salomon, Ultra trail, UTMB&#8230;): <a href=\"https:\/\/podcasts-francais.fr\/podcast\/dans-mon-bain\" target=\"_blank\" rel=\"noreferrer noopener\">https:\/\/podcasts-francais.fr\/podcast\/dans-mon-bain<\/a>. \u00c9pisode \u00e9pique sur l&rsquo;UTMB 2022.<\/li>\n<\/ul>\n\n\n\n<p><strong>Magazine en vrac sur le web<\/strong><\/p>\n\n\n\n<ul class=\"wp-block-list\">\n<li><a href=\"https:\/\/marathonhandbook.com\" target=\"_blank\" rel=\"noreferrer noopener\">https:\/\/marathonhandbook.com<\/a><\/li>\n\n\n\n<li><a href=\"https:\/\/www.runnersworld.com\/\" target=\"_blank\" rel=\"noreferrer noopener\">https:\/\/www.runnersworld.com\/<\/a><\/li>\n\n\n\n<li><a href=\"https:\/\/runningmagazine.ca\" target=\"_blank\" rel=\"noreferrer noopener\">https:\/\/runningmagazine.ca<\/a><\/li>\n<\/ul>\n\n\n\n<p><\/p>\n","protected":false},"excerpt":{"rendered":"<p>Voici les sites et athl\u00e8tes que j&rsquo;ai l&rsquo;habitude de consulter. Exp\u00e9riences \/ partage Vie des athl\u00e8tes Consommation technologique Postcast Magazine en vrac sur le web<\/p>\n","protected":false},"author":1,"featured_media":0,"parent":0,"menu_order":0,"comment_status":"closed","ping_status":"closed","template":"","meta":{"footnotes":""},"class_list":["post-272","page","type-page","status-publish","czr-hentry"],"_links":{"self":[{"href":"https:\/\/run.tribudelattre.ca\/index.php\/wp-json\/wp\/v2\/pages\/272","targetHints":{"allow":["GET"]}}],"collection":[{"href":"https:\/\/run.tribudelattre.ca\/index.php\/wp-json\/wp\/v2\/pages"}],"about":[{"href":"https:\/\/run.tribudelattre.ca\/index.php\/wp-json\/wp\/v2\/types\/page"}],"author":[{"embeddable":true,"href":"https:\/\/run.tribudelattre.ca\/index.php\/wp-json\/wp\/v2\/users\/1"}],"replies":[{"embeddable":true,"href":"https:\/\/run.tribudelattre.ca\/index.php\/wp-json\/wp\/v2\/comments?post=272"}],"version-history":[{"count":19,"href":"https:\/\/run.tribudelattre.ca\/index.php\/wp-json\/wp\/v2\/pages\/272\/revisions"}],"predecessor-version":[{"id":4451,"href":"https:\/\/run.tribudelattre.ca\/index.php\/wp-json\/wp\/v2\/pages\/272\/revisions\/4451"}],"wp:attachment":[{"href":"https:\/\/run.tribudelattre.ca\/index.php\/wp-json\/wp\/v2\/media?parent=272"}],"curies":[{"name":"wp","href":"https:\/\/api.w.org\/{rel}","templated":true}]}}