{"id":28,"date":"2020-06-06T13:48:23","date_gmt":"2020-06-06T17:48:23","guid":{"rendered":"https:\/\/run.tribudelattre.ca\/?page_id=28"},"modified":"2023-10-28T20:48:09","modified_gmt":"2023-10-29T00:48:09","slug":"entrainements","status":"publish","type":"page","link":"https:\/\/run.tribudelattre.ca\/index.php\/entrainements\/","title":{"rendered":"Entra\u00eenements"},"content":{"rendered":"\n<p>Actuellement je compose mes entrainements par moi m\u00eame et je les r\u00e9alise le plus fr\u00e9quemment sur les m\u00eames sites.<\/p>\n","protected":false},"excerpt":{"rendered":"<p>Actuellement je compose mes entrainements par moi m\u00eame et je les r\u00e9alise le plus fr\u00e9quemment sur les m\u00eames sites.<\/p>\n","protected":false},"author":1,"featured_media":0,"parent":0,"menu_order":-8,"comment_status":"closed","ping_status":"closed","template":"","meta":{"footnotes":""},"class_list":["post-28","page","type-page","status-publish","czr-hentry"],"_links":{"self":[{"href":"https:\/\/run.tribudelattre.ca\/index.php\/wp-json\/wp\/v2\/pages\/28","targetHints":{"allow":["GET"]}}],"collection":[{"href":"https:\/\/run.tribudelattre.ca\/index.php\/wp-json\/wp\/v2\/pages"}],"about":[{"href":"https:\/\/run.tribudelattre.ca\/index.php\/wp-json\/wp\/v2\/types\/page"}],"author":[{"embeddable":true,"href":"https:\/\/run.tribudelattre.ca\/index.php\/wp-json\/wp\/v2\/users\/1"}],"replies":[{"embeddable":true,"href":"https:\/\/run.tribudelattre.ca\/index.php\/wp-json\/wp\/v2\/comments?post=28"}],"version-history":[{"count":6,"href":"https:\/\/run.tribudelattre.ca\/index.php\/wp-json\/wp\/v2\/pages\/28\/revisions"}],"predecessor-version":[{"id":1956,"href":"https:\/\/run.tribudelattre.ca\/index.php\/wp-json\/wp\/v2\/pages\/28\/revisions\/1956"}],"wp:attachment":[{"href":"https:\/\/run.tribudelattre.ca\/index.php\/wp-json\/wp\/v2\/media?parent=28"}],"curies":[{"name":"wp","href":"https:\/\/api.w.org\/{rel}","templated":true}]}}