{"id":342,"date":"2020-07-04T14:21:02","date_gmt":"2020-07-04T18:21:02","guid":{"rendered":"https:\/\/run.tribudelattre.ca\/?page_id=342"},"modified":"2025-09-06T18:04:24","modified_gmt":"2025-09-06T22:04:24","slug":"magasinage","status":"publish","type":"page","link":"https:\/\/run.tribudelattre.ca\/index.php\/magasinage\/","title":{"rendered":"Magasinage"},"content":{"rendered":"\n<p><strong>Ma strat\u00e9gie: <\/strong><\/p>\n\n\n\n<ul class=\"wp-block-list\">\n<li>Achat local avant tout\n<ul class=\"wp-block-list\">\n<li>En magasin pour les \u00e9quipements que je n&rsquo;ai pas d\u00e9j\u00e0 et qui n\u00e9cessite un essayage ou un coup d&rsquo;oeil particulier, notamment sur la mati\u00e8re (ce qui est important pour moi vu le risque d&rsquo;irritation). <\/li>\n\n\n\n<li>Avec la pand\u00e9mie, j&rsquo;ach\u00e8te majoritairement sur le Net Canadien. \u00c9norm\u00e9ment de boutique offre une offre en ligne. Les prix sont concurrentiels et l&rsquo;envoi se fait le jour m\u00eame! Le secret reste une bonne mesure de son anatomie, la revue des items via le net.<\/li>\n\n\n\n<li>Pour le renouvellement (chaussures, v\u00eatements&#8230;): je chasse les aubaines et les rabais sur le net Canadien, souvent sur les mod\u00e8les de l&rsquo;ann\u00e9e pass\u00e9e. Cela permet de gratter quelques dollars notamment sur les chaussures. Attention, il faut trouver le compromis entre le prix et la disponibilit\u00e9. Certains articles ne sont jamais \u00e0 rabais car toujours indisponibles! Certaines tailles, forc\u00e9ment la votre, ne sont jamais en stock.<\/li>\n<\/ul>\n<\/li>\n\n\n\n<li>Achat sur Amazon EN DERNIER DERNIER RECOURS.\n<ul class=\"wp-block-list\">\n<li>Exemple remplacement d&rsquo;une ceinture cardio introuvable&#8230; On peut utiliser Amazon pour d\u00e9nicher un revendeur qui aurait sa propre boutique en ligne!<\/li>\n<\/ul>\n<\/li>\n<\/ul>\n\n\n\n<p><strong>Aubaines<\/strong><\/p>\n\n\n\n<p>Pour les chaussures, je chasse les aubaines car il faut les renouveler assez souvent. Pour ma part c&rsquo;est 2 \u00e0 3 paires par ann\u00e9e&#8230; Voici ma compr\u00e9hension des variations de prix au long de l&rsquo;ann\u00e9e!:<\/p>\n\n\n\n<ul class=\"wp-block-list\">\n<li>La sortie d&rsquo;un nouveau mod\u00e8le se fait en Avril ou Mai. A cette p\u00e9riode, pas encore de rabais sur les mod\u00e8les pr\u00e9c\u00e9dents.<\/li>\n\n\n\n<li>D\u00e8s l&rsquo;entr\u00e9e dans l&rsquo;\u00e9t\u00e9, on peut trouver des rabais sur les mod\u00e8les de la saison pr\u00e9c\u00e9dente (-20%). Cependant ces rabais ne se voit pas dans tous les circuits de distribution (vu sur Asics.com mais pas chez tous les d\u00e9taillants)<\/li>\n\n\n\n<li>Parfois plus de rabais pour la f\u00eate du canada (vu chez Asics.com)<\/li>\n\n\n\n<li>En fin de saison (Septembre) les rabais peuvent \u00eatre int\u00e9ressant pour pr\u00e9parer la saison suivante ou finir la saison sur un succ\u00e8s. (Vu chez les d\u00e9taillants &#8211; Sport Expert)<\/li>\n\n\n\n<li>Regarder \u00e9galement sur les stands tenus lors des grosses courses (Marathon de Montr\u00e9al) on peut trouver des rabais.<\/li>\n\n\n\n<li>26 D\u00e9cembre permet de trouver les plus gros rabais (Trouv\u00e9 -50% sur des Cumulus 20 sur la derni\u00e8re chasse)<\/li>\n<\/ul>\n\n\n\n<p><strong>Mes spots: <\/strong><\/p>\n\n\n\n<ul class=\"wp-block-list\">\n<li>Boutique Endurance<\/li>\n\n\n\n<li>D\u00e9cathlon &#8211; Pour les accessoires de tous les jours (tuques, gants, lumi\u00e8re&#8230;). Pour les v\u00eatements de course \u00e0 pied pr\u00e8s du corps (cale\u00e7on de course), j&rsquo;h\u00e9site de plus en plus apr\u00e8s quelques probl\u00e8mes d&rsquo;irritation. Bien pour d\u00e9buter pas plus.<\/li>\n\n\n\n<li>La derni\u00e8re chasse &#8211; Comme son nom l&rsquo;indique, il faut avoir l&rsquo;esprit du chasseur et rester \u00e0 l&rsquo;affut d&rsquo;une proie! Rarement votre taille sera disponible sur un article pris\u00e9.<\/li>\n\n\n\n<li>Boutique Courir &#8211; \u00c0 Montr\u00e9al (4452, rue Saint-Denis et Mont-Royal). Contactez par courriel ou par t\u00e9l\u00e9phone pour un renseignement. Grand choix de souliers et v\u00eatements notamment. Bon service. Le moins: Leur site informationnel est rarement \u00e0 jour et il n&rsquo;est pas transactionnel.<\/li>\n\n\n\n<li>Altitude Sport &#8211; Site parent de la derni\u00e8re chasse. Mod\u00e8le r\u00e9cent. Bas\u00e9 sur Montr\u00e9al, la livraison peut se faire dans la journ\u00e9e! <\/li>\n\n\n\n<li>Sport Expert ou Atmosph\u00e8re &#8211; Si je suis d\u00e9sesp\u00e9r\u00e9. Leur site est horrible et les stocks ne sont jamais au rendez-vous. L&rsquo;exp\u00e9rience d&rsquo;achat est mauvaise (et je suis pas du genre p\u00e9nible.)<\/li>\n\n\n\n<li>Asics.com &#8211; Parfois des rabais et surtout un peu plus de stock que les d\u00e9taillants.<\/li>\n<\/ul>\n\n\n\n<p><\/p>\n","protected":false},"excerpt":{"rendered":"<p>Ma strat\u00e9gie: Aubaines Pour les chaussures, je chasse les aubaines car il faut les renouveler assez souvent. Pour ma part c&rsquo;est 2 \u00e0 3 paires par ann\u00e9e&#8230; Voici ma compr\u00e9hension des variations de prix au long de l&rsquo;ann\u00e9e!: Mes spots:<\/p>\n","protected":false},"author":1,"featured_media":0,"parent":0,"menu_order":0,"comment_status":"closed","ping_status":"closed","template":"","meta":{"footnotes":""},"class_list":["post-342","page","type-page","status-publish","czr-hentry"],"_links":{"self":[{"href":"https:\/\/run.tribudelattre.ca\/index.php\/wp-json\/wp\/v2\/pages\/342","targetHints":{"allow":["GET"]}}],"collection":[{"href":"https:\/\/run.tribudelattre.ca\/index.php\/wp-json\/wp\/v2\/pages"}],"about":[{"href":"https:\/\/run.tribudelattre.ca\/index.php\/wp-json\/wp\/v2\/types\/page"}],"author":[{"embeddable":true,"href":"https:\/\/run.tribudelattre.ca\/index.php\/wp-json\/wp\/v2\/users\/1"}],"replies":[{"embeddable":true,"href":"https:\/\/run.tribudelattre.ca\/index.php\/wp-json\/wp\/v2\/comments?post=342"}],"version-history":[{"count":6,"href":"https:\/\/run.tribudelattre.ca\/index.php\/wp-json\/wp\/v2\/pages\/342\/revisions"}],"predecessor-version":[{"id":3518,"href":"https:\/\/run.tribudelattre.ca\/index.php\/wp-json\/wp\/v2\/pages\/342\/revisions\/3518"}],"wp:attachment":[{"href":"https:\/\/run.tribudelattre.ca\/index.php\/wp-json\/wp\/v2\/media?parent=342"}],"curies":[{"name":"wp","href":"https:\/\/api.w.org\/{rel}","templated":true}]}}