{"id":49,"date":"2020-06-06T14:18:06","date_gmt":"2020-06-06T18:18:06","guid":{"rendered":"https:\/\/run.tribudelattre.ca\/?page_id=49"},"modified":"2025-02-15T08:59:24","modified_gmt":"2025-02-15T13:59:24","slug":"accueil","status":"publish","type":"page","link":"https:\/\/run.tribudelattre.ca\/index.php\/accueil\/","title":{"rendered":"\u00c0 propos"},"content":{"rendered":"\n<p>Ma premi\u00e8re course aura certainement \u00e9t\u00e9 l&rsquo;\u00e9valuation au CM2 o\u00f9 j&rsquo;ai d\u00e9croch\u00e9 les pointes d&rsquo;argent pour des performances aux 60 m\u00e8tres, \u00e0 la hauteur et \u00e0 la longueur! Ensuite, on a bien entendu couru les 20 minutes d&rsquo;endurance \u00e0 chaque rentr\u00e9e en sport. Un calvert \u00e0 chaque ann\u00e9e. Et j&rsquo;ai m\u00eame fait un cross de l&rsquo;UNSS. Je ne me souviens plus de la distance mais on a eu un concert de C J\u00e9r\u00f4me et du Viandox (boisson chaude pour r\u00e9veiller les morts&#8230;). Aussi, il y a eu un peu de foot (soccer) au primaire avec les copains du village et de temps en temps \u00e0 Marseille. Mais mon poste \u00e0 moi, c&rsquo;est gardien! \u00c7a court pas des masses un gardien!! La derni\u00e8re course que j&rsquo;avais pu faire remontait \u00e0 au moins \u00e0 mes 25 ans et \u00e0 cette \u00e9poque, j&rsquo;avais rat\u00e9 mon bus!<\/p>\n\n\n\n<p>Avec ce d\u00e9ficit, tout est possible et je me suis mis \u00e0 la course en mai 2019, \u00e0 46 ans.<\/p>\n\n\n\n<p>Au d\u00e9part, l&rsquo;envie est venu d&rsquo;exp\u00e9rimenter les montres \u00ab\u00a0cardio GPS\u00a0\u00bb. Pour cela, je suis all\u00e9 pratiquer sur tapis mais rapidement je suis pass\u00e9 \u00e0 l&rsquo;ext\u00e9rieur! Apr\u00e8s \u00e7a impossible de retourner sur un tapis et de m&rsquo;arr\u00eater!<\/p>\n\n\n\n<p>Par la suite j&rsquo;ai pu participer \u00e0 quelques courses sur 10km et 21km avec \u00e9norm\u00e9ment de plaisir. Ce que j&rsquo;aime c&rsquo;est la pr\u00e9paration, l&rsquo;entra\u00eenement. Toutes ces semaines d&rsquo;adaptations, de gestion, de remise en question, de privation (bouffe!) dans le but d&rsquo;\u00eatre pr\u00eat le jour J. Et le jour J: on r\u00e9colte ou pas!<\/p>\n\n\n<div class=\"wp-block-image\">\n<figure class=\"aligncenter size-large\"><img decoding=\"async\" width=\"764\" height=\"555\" src=\"https:\/\/run.tribudelattre.ca\/wp-content\/uploads\/2020\/06\/image-9.png\" alt=\"\" class=\"wp-image-161\" srcset=\"https:\/\/run.tribudelattre.ca\/wp-content\/uploads\/2020\/06\/image-9.png 764w, https:\/\/run.tribudelattre.ca\/wp-content\/uploads\/2020\/06\/image-9-300x218.png 300w\" sizes=\"(max-width: 764px) 100vw, 764px\" \/><figcaption class=\"wp-element-caption\">1er Semi Marathon de Montr\u00e9al &#8211; salu\u00e9 par mon fils &#8211; 2019<\/figcaption><\/figure>\n<\/div>\n\n\n<p>L&rsquo;hiver j&rsquo;ai continu\u00e9 de m&rsquo;entra\u00eener m\u00eame si les conditions ne sont pas toujours facile au Qu\u00e9bec m\u00eame \u00e0 Montr\u00e9al (Gros Merci au Jardin Botanique de nous ouvrir leur site l&rsquo;hiver et d&rsquo;assurer le d\u00e9neigement du chemin.)<\/p>\n\n\n\n<p>De cette exp\u00e9rience, mon ressenti est qu&rsquo;en course, les meilleurs moments sont dans la pr\u00e9paration. Il y a tellement de chose \u00e0 prendre en compte que c&rsquo;est grisant! Et puis au moment de la course, il est bien trop tard pour douter!<\/p>\n\n\n\n<p>Pour ne rien g\u00e2ter, j&rsquo;ai perdu pas mal de kilo accumul\u00e9 au fil du temps en me mettant \u00e0 une activit\u00e9 sportive. Physiquement, c&rsquo;est assez impressionnant!<\/p>\n\n\n\n<p>Le sport m&rsquo;a permis de revenir \u00e0 un poids de forme, r\u00e9duire ma fr\u00e9quence cardiaque au repos, r\u00e9duire mon stress g\u00e9n\u00e9ral et apporter un meilleur sommeil.<\/p>\n\n\n\n<p>Notes: <\/p>\n\n\n\n<ul class=\"wp-block-list\">\n<li>Les avis et opinions qui pourraient \u00eatre partag\u00e9s ici sont les miens. Je ne suis pas journaliste et les propos sont issus de ma r\u00e9flexion du moment. Celle-ci \u00e9volue au fil du temps et n&rsquo;est pas forcement toujours aboutie! \u00c7a gamberge!!<\/li>\n<\/ul>\n\n\n\n<ul class=\"wp-block-list\">\n<li>Je ne suis pas entraineur ou athl\u00e8te, j&rsquo;ai aucune exp\u00e9rience sportive et je n&rsquo;ai rien \u00e0 vendre. Simplement, je souhaite partager avec vous mon exp\u00e9rience de coureur du Dimanche 6 jours par semaine, en vous pr\u00e9sentant tout ce qui fait ma pr\u00e9paration: les \u00e9quipements, les objectifs, les doutes, les entrainements et bien plus encore.<\/li>\n<\/ul>\n\n\n\n<p>En bref, c&rsquo;est une autre tranche de vie, comme la v\u00f4tre!<\/p>\n\n\n\n<p>Bonne lecture!<\/p>\n\n\n\n<p>Avertissement: Ce site n&rsquo;est affili\u00e9 \u00e0 aucun commanditaire ou autres et est fait en totale ind\u00e9pendance. Il n&rsquo;est aucunement li\u00e9 \u00e0 mon emploi. Les produits ou services pr\u00e9sent\u00e9s sont ceux que j&rsquo;utilise ou que j&rsquo;aimerai utiliser!<\/p>\n\n\n<div class=\"wp-block-image\">\n<figure class=\"aligncenter size-large\"><img decoding=\"async\" width=\"678\" height=\"1024\" src=\"https:\/\/run.tribudelattre.ca\/wp-content\/uploads\/2022\/09\/LIBB5145-original-678x1024.jpeg\" alt=\"\" class=\"wp-image-1127\" srcset=\"https:\/\/run.tribudelattre.ca\/wp-content\/uploads\/2022\/09\/LIBB5145-original-678x1024.jpeg 678w, https:\/\/run.tribudelattre.ca\/wp-content\/uploads\/2022\/09\/LIBB5145-original-199x300.jpeg 199w, https:\/\/run.tribudelattre.ca\/wp-content\/uploads\/2022\/09\/LIBB5145-original-768x1160.jpeg 768w, https:\/\/run.tribudelattre.ca\/wp-content\/uploads\/2022\/09\/LIBB5145-original-1017x1536.jpeg 1017w, https:\/\/run.tribudelattre.ca\/wp-content\/uploads\/2022\/09\/LIBB5145-original-1356x2048.jpeg 1356w, https:\/\/run.tribudelattre.ca\/wp-content\/uploads\/2022\/09\/LIBB5145-original.jpeg 1632w\" sizes=\"(max-width: 678px) 100vw, 678px\" \/><figcaption class=\"wp-element-caption\">Marathon de Montr\u00e9al 2022 &#8211; Satisfaction d&rsquo;un record de parcours en 3h46min (battu l&rsquo;ann\u00e9e suivante en 3h33 o\u00f9 j&rsquo;ai recrois\u00e9 le coureur au tee shirt bleu)!<\/figcaption><\/figure>\n<\/div>\n\n<div class=\"wp-block-image\">\n<figure class=\"aligncenter size-large\"><img decoding=\"async\" width=\"683\" height=\"1024\" src=\"https:\/\/run.tribudelattre.ca\/wp-content\/uploads\/2023\/10\/2303-601_10764-683x1024.jpg\" alt=\"\" class=\"wp-image-1959\" srcset=\"https:\/\/run.tribudelattre.ca\/wp-content\/uploads\/2023\/10\/2303-601_10764-683x1024.jpg 683w, https:\/\/run.tribudelattre.ca\/wp-content\/uploads\/2023\/10\/2303-601_10764-200x300.jpg 200w, https:\/\/run.tribudelattre.ca\/wp-content\/uploads\/2023\/10\/2303-601_10764-768x1151.jpg 768w, https:\/\/run.tribudelattre.ca\/wp-content\/uploads\/2023\/10\/2303-601_10764-1025x1536.jpg 1025w, https:\/\/run.tribudelattre.ca\/wp-content\/uploads\/2023\/10\/2303-601_10764-1367x2048.jpg 1367w, https:\/\/run.tribudelattre.ca\/wp-content\/uploads\/2023\/10\/2303-601_10764-scaled.jpg 1708w\" sizes=\"(max-width: 683px) 100vw, 683px\" \/><figcaption class=\"wp-element-caption\">Classique du Parc Lafontaine &#8211; 2023 &#8211; 42&rsquo;50\u00a0\u00bb sur 10k!<\/figcaption><\/figure>\n<\/div>\n\n<div class=\"wp-block-image\">\n<figure class=\"aligncenter size-large\"><img decoding=\"async\" width=\"1024\" height=\"683\" src=\"https:\/\/run.tribudelattre.ca\/wp-content\/uploads\/2023\/10\/393466347_691544006411224_2197110688433899539_n-1024x683.jpg\" alt=\"\" class=\"wp-image-1961\" srcset=\"https:\/\/run.tribudelattre.ca\/wp-content\/uploads\/2023\/10\/393466347_691544006411224_2197110688433899539_n-1024x683.jpg 1024w, https:\/\/run.tribudelattre.ca\/wp-content\/uploads\/2023\/10\/393466347_691544006411224_2197110688433899539_n-300x200.jpg 300w, https:\/\/run.tribudelattre.ca\/wp-content\/uploads\/2023\/10\/393466347_691544006411224_2197110688433899539_n-768x512.jpg 768w, https:\/\/run.tribudelattre.ca\/wp-content\/uploads\/2023\/10\/393466347_691544006411224_2197110688433899539_n-1536x1024.jpg 1536w, https:\/\/run.tribudelattre.ca\/wp-content\/uploads\/2023\/10\/393466347_691544006411224_2197110688433899539_n.jpg 2048w\" sizes=\"(max-width: 1024px) 100vw, 1024px\" \/><figcaption class=\"wp-element-caption\"><br>Juricourse 2023 &#8211; 5k &#8211; 21&rsquo;33\u00a0\u00bb &#8211; Coureur tout temps! 3\u00e8me de la course!!<\/figcaption><\/figure>\n<\/div>\n\n\n<p>La liste des mes courses: <a href=\"https:\/\/run.tribudelattre.ca\/index.php\/objectifs\/records\/\" data-type=\"page\" data-id=\"141\">ici<\/a><\/p>\n\n\n\n<figure class=\"wp-block-image size-large is-resized\"><a href=\"http:\/\/strava.com\/athletes\/42162228\" target=\"_blank\" rel=\"noopener noreferrer\"><img decoding=\"async\" width=\"225\" height=\"225\" src=\"https:\/\/run.tribudelattre.ca\/wp-content\/uploads\/2020\/06\/image.jpeg\" alt=\"Strava GPS \u2013 Suivi cyclisme, running et natation \u2012 Applications ...\" class=\"wp-image-115\" srcset=\"https:\/\/run.tribudelattre.ca\/wp-content\/uploads\/2020\/06\/image.jpeg 225w, https:\/\/run.tribudelattre.ca\/wp-content\/uploads\/2020\/06\/image-150x150.jpeg 150w\" sizes=\"(max-width: 225px) 100vw, 225px\" \/><\/a><figcaption class=\"wp-element-caption\">Mes activit\u00e9s Strava<\/figcaption><\/figure>\n\n\n\n<p><\/p>\n","protected":false},"excerpt":{"rendered":"<p>Ma premi\u00e8re course aura certainement \u00e9t\u00e9 l&rsquo;\u00e9valuation au CM2 o\u00f9 j&rsquo;ai d\u00e9croch\u00e9 les pointes d&rsquo;argent pour des performances aux 60 m\u00e8tres, \u00e0 la hauteur et \u00e0 la longueur! Ensuite, on a bien entendu couru les 20 minutes d&rsquo;endurance \u00e0 chaque rentr\u00e9e en sport. Un calvert \u00e0 chaque ann\u00e9e. Et j&rsquo;ai m\u00eame fait un cross de [&hellip;]<\/p>\n","protected":false},"author":1,"featured_media":0,"parent":0,"menu_order":-99,"comment_status":"closed","ping_status":"closed","template":"","meta":{"footnotes":""},"class_list":["post-49","page","type-page","status-publish","czr-hentry"],"_links":{"self":[{"href":"https:\/\/run.tribudelattre.ca\/index.php\/wp-json\/wp\/v2\/pages\/49","targetHints":{"allow":["GET"]}}],"collection":[{"href":"https:\/\/run.tribudelattre.ca\/index.php\/wp-json\/wp\/v2\/pages"}],"about":[{"href":"https:\/\/run.tribudelattre.ca\/index.php\/wp-json\/wp\/v2\/types\/page"}],"author":[{"embeddable":true,"href":"https:\/\/run.tribudelattre.ca\/index.php\/wp-json\/wp\/v2\/users\/1"}],"replies":[{"embeddable":true,"href":"https:\/\/run.tribudelattre.ca\/index.php\/wp-json\/wp\/v2\/comments?post=49"}],"version-history":[{"count":49,"href":"https:\/\/run.tribudelattre.ca\/index.php\/wp-json\/wp\/v2\/pages\/49\/revisions"}],"predecessor-version":[{"id":3145,"href":"https:\/\/run.tribudelattre.ca\/index.php\/wp-json\/wp\/v2\/pages\/49\/revisions\/3145"}],"wp:attachment":[{"href":"https:\/\/run.tribudelattre.ca\/index.php\/wp-json\/wp\/v2\/media?parent=49"}],"curies":[{"name":"wp","href":"https:\/\/api.w.org\/{rel}","templated":true}]}}