{"id":592,"date":"2020-11-21T05:38:06","date_gmt":"2020-11-21T10:38:06","guid":{"rendered":"https:\/\/run.tribudelattre.ca\/?page_id=592"},"modified":"2025-09-06T17:56:32","modified_gmt":"2025-09-06T21:56:32","slug":"electroniques","status":"publish","type":"page","link":"https:\/\/run.tribudelattre.ca\/index.php\/electroniques\/","title":{"rendered":"\u00c9lectroniques"},"content":{"rendered":"\n<p>Voici l&rsquo;historique de ce que j&rsquo;ai pu utiliser! Certains mod\u00e8les sont maintenant introuvables et surtout d\u00e9pass\u00e9s<\/p>\n\n\n\n<p>La synth\u00e8se est que je reviens au base avec peu de gadget maintenant pour courir. <\/p>\n\n\n\n<p><strong>\u00c9couteur JayBird Tarah<\/strong><\/p>\n\n\n<div class=\"wp-block-image\">\n<figure class=\"aligncenter is-resized\"><img decoding=\"async\" src=\"https:\/\/resource.jaybirdsport.com\/c_limit,f_auto,q_auto,w_820,dpr_1.0\/content\/dam\/jaybird-sport\/products\/wireless-buds\/tarah\/tarah-black-gallery-2.jpg?v=1\" alt=\"Tarah - Black Metallic\/Flash\" style=\"width:362px;height:382px\"\/><\/figure>\n<\/div>\n\n\n<p>Excellent \u00e9couteur bluetooth. J&rsquo;aimais que les deux \u00e9couteurs soient reli\u00e9s par un fils car je pouvais les laisser prendre de mon cou ou \u00eatre certains de ne pas \u00e9garer un \u00e9couteur comme pour les boutons. Ce mod\u00e8le, avec ces oreilles papillons tenait tr\u00e8s bien dans l&rsquo;oreille. Ils \u00e9taient livr\u00e9s avec 3 tailles (Petit-Moyen-Grand). Il existait un mod\u00e8le pro, o\u00f9 les boutons \u00e9taient aimant\u00e9s pour former un collier lorsque retirer. \u00c0 noter qu\u2019en dessous de 0\u00b0C, les \u00e9couteurs ne tenaient plus la charge. Trop froid. Ce ne sont pas des \u00e9couteurs pour l\u2019hiver Canadien. Donc, on \u00e9coutera le bruit de la neige et de la glace l&rsquo;hiver!<\/p>\n\n\n\n<p>Il existe des \u00e9couteurs \u00ab\u00a0bouton\u00a0\u00bb sans fils. Je n&rsquo;ai pas encore test\u00e9 ces mod\u00e8les, mais j&rsquo;aurai trop peur de les perdre si je devais les ranger en course. D&rsquo;autres mod\u00e8le proposent des tours d&rsquo;oreilles. Les casques de salon sont \u00e0 proscrire car ils tiennent trop chaud et vous allez les bousiller avec votre sueur!<\/p>\n\n\n\n<p>Actuellement, en 2025, l&rsquo;ultra sont les casques \u00e0 conduction osseuse. <\/p>\n\n\n\n<p>Mais, au fil du temps, je n&rsquo;utilise plus d&rsquo;\u00e9couteur pour courir. J&rsquo;\u00e9coute mes pieds ou les bruits m&rsquo;entourant et cela me suffit.<\/p>\n\n\n\n<p><strong>Forerunner 245 Music \u2013 Garmin<\/strong><\/p>\n\n\n<div class=\"wp-block-image\">\n<figure class=\"aligncenter is-resized\"><img decoding=\"async\" src=\"https:\/\/images-na.ssl-images-amazon.com\/images\/I\/51zwK5zBswL._AC_SX679_.jpg\" alt=\"Garmin Forerunner 245 Music, GPS Running Smartwatch with Music and Advanced  Dynamics, Black: Amazon.ca: Cell Phones &amp; Accessories\" style=\"width:405px;height:564px\"\/><\/figure>\n<\/div>\n\n\n<p>Meilleurs achat 2019! C\u2019est la bestiole qui m\u2019a incit\u00e9 \u00e0 courir. Si je cours, c\u2019est parce que j&rsquo;ai eu envie de ce truc! Et pas l\u2019inverse!!<\/p>\n\n\n\n<p>Elle permet notamment d\u2019avoir un entrainement con\u00e7u par un entraineur et d\u2019assurer la planification et le suivi de celui-ci. J\u2019utilise l\u2019entrainement de Jeff Galloway. Un entra\u00eenement en Semi te pr\u00e9pare largement pour un Marathon! Il est malade. Un truc bien est qu\u2019elle \u00e9value le repos n\u00e9cessaire apr\u00e8s chaque entrainement et qu\u2019elle int\u00e8gre des fonctions intelligente. L\u2019autre truc est qu\u2019on peut programmer des applications. Par exemple je me suis fait une application pour suivre l&rsquo;\u00e9volution des heures de lever et coucher du soleil, une application pour g\u00e9rer les Communauto (lister, terminer ou prolonger des r\u00e9servations!) ou trouver un v\u00e9lo par g\u00e9olocalisation!<\/p>\n\n\n\n<p>J&rsquo;en suis \u00e0 mon deuxi\u00e8me bracelet, le passant se brise avec le temps. Fait que pour limiter les tensions, je compl\u00e8te le passant avec un \u00e9lastique!<\/p>\n\n\n\n<p>En 2023, changement pour le Forerunner 255 Music. La batterie ne tenait plus suffisamment la charge. H\u00e9sitation pour basculer vers l&rsquo;Apex Pro. C&rsquo;est l&rsquo;application qui me fera h\u00e9siter. Peur de perdre mes donn\u00e9es (courses, poids&#8230;). Toujours content de la bestiole. Cependant, les prix montent et la prochaine sera certainement plus basique car je n&rsquo;utilise pas la majeure partie des fonctions.<\/p>\n\n\n\n<p><strong>Capteur de temp\u00e9rature \u2013 Garmin Temp Pod. <\/strong><\/p>\n\n\n<div class=\"wp-block-image\">\n<figure class=\"aligncenter is-resized\"><img decoding=\"async\" src=\"https:\/\/images-na.ssl-images-amazon.com\/images\/I\/51bL%2B8RNqIL._AC_UL600_SR600,600_.jpg\" alt=\"Amazon.com: Garmin Temperature Sensor for the Fenix Outdoor Watch, Standard  Packaging: Electronics\" style=\"width:340px;height:340px\"\/><\/figure>\n<\/div>\n\n\n<p>C\u2019est mon cadeau de No\u00ebl 2019. Il se fixe au pied et donne une temp\u00e9rature entre la temp\u00e9rature ext\u00e9rieure au niveau du pied! La temp\u00e9rature est prise toutes les minutes. La batterie tient au moins un an (je l&rsquo;ai pas encore chang\u00e9e). C&rsquo;est le support qui a cass\u00e9 et donc je ne le porte plus car il y a un risque que je le perde.<\/p>\n\n\n\n<p><strong>Ceinture HRM Dual \u2013 Garmin encore. <\/strong><\/p>\n\n\n<div class=\"wp-block-image\">\n<figure class=\"aligncenter is-resized\"><img decoding=\"async\" src=\"https:\/\/media.dcrainmaker.com\/images\/2019\/01\/DSC_4571.jpg\" alt=\"Garmin HRM-DUAL Heart Rate Strap In-Depth Review | DC Rainmaker\" style=\"width:522px;height:347px\"\/><\/figure>\n<\/div>\n\n\n<p>J\u2019aime le fait que le capteur soit amovible. Fait qu\u2019on remplace la ceinture lorsqu\u2019elle est foutue (La ceinture coute les trois quart du kit complet (sic)). La premi\u00e8re que j\u2019ai eu \u00e0 l\u00e2cher apr\u00e8s une ann\u00e9e et quelques 2300km (d\u00e9collement des capteurs pectoraux). Une ceinture de remplacement se vend au prix fort sur Amazon. Les suivantes ont eu le couvercle permettant de changer la pile qui ne tenait plus et un cas de capteur qui ne donne plus de mesure&#8230; Bref, j&rsquo;en suis \u00e0 4 capteurs sur 6 ans&#8230;<\/p>\n\n\n\n<p><strong>RDPod \u2013 Garmin. <\/strong><\/p>\n\n\n<div class=\"wp-block-image\">\n<figure class=\"aligncenter is-resized\"><img decoding=\"async\" src=\"https:\/\/www.sefiles.net\/images\/library\/large\/garmin-running-dynamics-pod-327414-1.jpg\" alt=\"Garmin Running Dynamics Pod - Mascouche, QC\" style=\"width:224px;height:375px\"\/><\/figure>\n<\/div>\n\n\n<p>L\u00e0 on est dans le gadget total. Fourni des mesures suppl\u00e9mentaires. Je suis en train d\u2019apprivoiser la chose et je cherche \u00e0 montrer l\u2019influence de mes chaussures sur les mesures.<\/p>\n\n\n\n<p>Je ne l&rsquo;utilise plus. Les m\u00e9triques ne sont pas exploitables et les montres ou le stryd compilent les m\u00eame donn\u00e9es maintenant.<\/p>\n\n\n\n<p><strong>Stryd<\/strong><\/p>\n\n\n<div class=\"wp-block-image\">\n<figure class=\"aligncenter is-resized\"><img decoding=\"async\" src=\"https:\/\/storage.googleapis.com\/stryd_static_assets\/store-v3\/new-hardware-3.png\" alt=\"Stryd - Running with Power\" style=\"width:615px;height:461px\"\/><\/figure>\n<\/div>\n\n\n<p>Utile pour les marathons afin de se caler sur une puissance. Mais avec le cardio et la connaissance que l&rsquo;on a de soi, cela peut \u00eatre superflu. De plus, les montres donnent \u00e9galement des indications de puissance (255 par exemple). Je n&rsquo;ai pas essay\u00e9. Au final, \u00e7a reste une m\u00e9trique souvent discut\u00e9e. Je m&rsquo;en passe maintenant que la pile non rempla\u00e7able \u00e0 fini sa vie (2 ans (sic!))<\/p>\n","protected":false},"excerpt":{"rendered":"<p>Voici l&rsquo;historique de ce que j&rsquo;ai pu utiliser! Certains mod\u00e8les sont maintenant introuvables et surtout d\u00e9pass\u00e9s La synth\u00e8se est que je reviens au base avec peu de gadget maintenant pour courir. \u00c9couteur JayBird Tarah Excellent \u00e9couteur bluetooth. J&rsquo;aimais que les deux \u00e9couteurs soient reli\u00e9s par un fils car je pouvais les laisser prendre de mon [&hellip;]<\/p>\n","protected":false},"author":1,"featured_media":0,"parent":0,"menu_order":0,"comment_status":"closed","ping_status":"closed","template":"","meta":{"footnotes":""},"class_list":["post-592","page","type-page","status-publish","czr-hentry"],"_links":{"self":[{"href":"https:\/\/run.tribudelattre.ca\/index.php\/wp-json\/wp\/v2\/pages\/592","targetHints":{"allow":["GET"]}}],"collection":[{"href":"https:\/\/run.tribudelattre.ca\/index.php\/wp-json\/wp\/v2\/pages"}],"about":[{"href":"https:\/\/run.tribudelattre.ca\/index.php\/wp-json\/wp\/v2\/types\/page"}],"author":[{"embeddable":true,"href":"https:\/\/run.tribudelattre.ca\/index.php\/wp-json\/wp\/v2\/users\/1"}],"replies":[{"embeddable":true,"href":"https:\/\/run.tribudelattre.ca\/index.php\/wp-json\/wp\/v2\/comments?post=592"}],"version-history":[{"count":9,"href":"https:\/\/run.tribudelattre.ca\/index.php\/wp-json\/wp\/v2\/pages\/592\/revisions"}],"predecessor-version":[{"id":3512,"href":"https:\/\/run.tribudelattre.ca\/index.php\/wp-json\/wp\/v2\/pages\/592\/revisions\/3512"}],"wp:attachment":[{"href":"https:\/\/run.tribudelattre.ca\/index.php\/wp-json\/wp\/v2\/media?parent=592"}],"curies":[{"name":"wp","href":"https:\/\/api.w.org\/{rel}","templated":true}]}}