{"id":601,"date":"2020-11-21T05:46:07","date_gmt":"2020-11-21T10:46:07","guid":{"rendered":"https:\/\/run.tribudelattre.ca\/?page_id=601"},"modified":"2023-08-27T21:24:06","modified_gmt":"2023-08-28T01:24:06","slug":"chandails-et-vestes","status":"publish","type":"page","link":"https:\/\/run.tribudelattre.ca\/index.php\/chandails-et-vestes\/","title":{"rendered":"Haut du corps"},"content":{"rendered":"\n<p><strong>Chandails<\/strong><\/p>\n\n\n\n<p>Si au d\u00e9part je courrais avec ce qui me passait par la main, au fil du temps, je suis plus exigent. Les chandails techniques apportent un gros plus sur la gestion de chaleur.<\/p>\n\n\n\n<p>Pour la saison 2020 chaude ou les longues, j\u2019ai trouv\u00e9 le mod\u00e8le de Salomon T-SHIRT SENSE PRO \u2013 HOMME. 90g, il \u00e9vacue au maximum la sueur et la chaleur (58$\/90$). Le tissus reste l\u00e9ger m\u00eame mouill\u00e9! Tr\u00e8s bon investissement pour l\u2019\u00e9t\u00e9. Dommage qu&rsquo;on ne le trouve plus. La gamme de Salomon est furtive et changeante. C&rsquo;est vraiment dommage et bof \ud83d\ude41<\/p>\n\n\n<div class=\"wp-block-image\">\n<figure class=\"aligncenter is-resized\"><img decoding=\"async\" src=\"https:\/\/cdn.shopify.com\/s\/files\/1\/0050\/3522\/products\/SAL-LC1309000_7EPoseidon_480x565.jpg?v=1592507343\" alt=\"Salomon T-Shirt Sense Pro - Homme\" style=\"width:319px;height:442px\" width=\"319\" height=\"442\"\/><figcaption class=\"wp-element-caption\">Chandail Salomon Sense Pro<\/figcaption><\/figure>\n<\/div>\n\n\n<p>Pour la saison 2021, j&rsquo;ai trouv\u00e9 ce chandail chez <a rel=\"noreferrer noopener\" href=\"https:\/\/craftsports.ca\/collections\/mens-t-shirts\/products\/pro-hypervent-ss-tee-m?variant=33023079809099\" target=\"_blank\">Craft<\/a> Sport International, tr\u00e8s performant mais plus lourd que le Salomon et plus plastique (fait que donc il est un peu plus chaud) :<\/p>\n\n\n<div class=\"wp-block-image\">\n<figure class=\"aligncenter size-large\"><img decoding=\"async\" width=\"400\" height=\"476\" src=\"https:\/\/run.tribudelattre.ca\/wp-content\/uploads\/2021\/04\/craft-gem.png\" alt=\"\" class=\"wp-image-854\" srcset=\"https:\/\/run.tribudelattre.ca\/wp-content\/uploads\/2021\/04\/craft-gem.png 400w, https:\/\/run.tribudelattre.ca\/wp-content\/uploads\/2021\/04\/craft-gem-252x300.png 252w\" sizes=\"(max-width: 400px) 100vw, 400px\" \/><\/figure>\n<\/div>\n\n\n<p>Entre -5\u00b0C et 5\u00b0C, je porte un chandail manche longue. Dans les commerces de sport (Sport Expert) difficile de trouver des chandails \u00e0 manche longue: Pas de choix et pas de stock. J&rsquo;en ai trouv\u00e9 un chez <a rel=\"noreferrer noopener\" href=\"https:\/\/craftsports.ca\/products\/adv-essence-ls-tee-m?variant=31942116802635#Image14627453567051\" target=\"_blank\">Craft Sport<\/a>:<\/p>\n\n\n<div class=\"wp-block-image\">\n<figure class=\"aligncenter size-large\"><img decoding=\"async\" width=\"400\" height=\"474\" src=\"https:\/\/run.tribudelattre.ca\/wp-content\/uploads\/2021\/04\/craft-long.png\" alt=\"\" class=\"wp-image-855\" srcset=\"https:\/\/run.tribudelattre.ca\/wp-content\/uploads\/2021\/04\/craft-long.png 400w, https:\/\/run.tribudelattre.ca\/wp-content\/uploads\/2021\/04\/craft-long-253x300.png 253w\" sizes=\"(max-width: 400px) 100vw, 400px\" \/><\/figure>\n<\/div>\n\n\n<p>Par -10\u00b0C ou pour des sorties d\u2019endurance en dessous de -5\u00b0C, je porte un\u00a0<a rel=\"noreferrer noopener\" href=\"https:\/\/www.decathlon.ca\/fr\/haut-randonnee-hommes\/106266-649-t-shirt-manches-courtes-randonnee-d-aventure-montagne-trek-700-wool-homme-bleu.html#\/demodelcolor-8492190\/demodelsize-200p\" target=\"_blank\">m\u00e9rinos de randonn\u00e9 trek 500 bleu de D\u00e9cathlon<\/a>. Du bonheur. M\u00eame tremp\u00e9, tu restes chaud! Cela reste mon favori comme sous couche.<\/p>\n\n\n\n<p>Note: j\u2019ai une&nbsp;<a rel=\"noreferrer noopener\" href=\"https:\/\/www.decathlon.ca\/fr\/chandails-camisoles-course-a-pied-homme\/145903-5569-tee-shirt-a-manches-longues-homme-course-chaud-noir.html#\/demodelcolor-8502755\/demodelsize-200tg\" target=\"_blank\">polaire D\u00e9cathlon<\/a>&nbsp;\u00e9galement que j\u2019ai peu utilis\u00e9e. Elle pourrait en fait servir pour des sorties tr\u00e8s froides. M\u00eame par -10\u00b0C, on a tout de suite trop chaud et la sueur s\u2019accumule. On pourrait possiblement l\u2019utiliser comme couche ext\u00e9rieure.Bref, je n\u2019ai pas trouv\u00e9 encore la bonne combinaison.<\/p>\n\n\n<div class=\"wp-block-image\">\n<figure class=\"aligncenter is-resized\"><img decoding=\"async\" src=\"https:\/\/contents.mediadecathlon.com\/p1594236\/k$df65674837aacd0cb93d881d16f485db\/tee-shirt-a-manches-longues-homme-course-chaud-noir.jpg?&amp;f=800x800\" alt=\"T-SHIRT MANCHES LONGUES COURSE HOMME COURSE AU CHAUD BLEU P\u00c9TROLE\" style=\"width:387px;height:387px\" width=\"387\" height=\"387\" title=\"T-SHIRT MANCHES LONGUES COURSE HOMME COURSE AU CHAUD BLEU P\u00c9TROLE\"\/><figcaption class=\"wp-element-caption\">Polaire D\u00e9cathlon<\/figcaption><\/figure>\n<\/div>\n\n\n<p><strong>Vestes<\/strong><\/p>\n\n\n\n<p>J\u2019utilise une\u00a0<a rel=\"noreferrer noopener\" href=\"https:\/\/www.decathlon.ca\/fr\/vestes-running-homme\/189152-13961-veste-course-homme-run-wind-blanc.html#\/demodelcolor-8504182\/demodelsize-200tg\" target=\"_blank\">veste coupe vent de D\u00e9cathlon<\/a> d&rsquo;abord en bleu, puis en jaune maintenant!<\/p>\n\n\n<div class=\"wp-block-image\">\n<figure class=\"aligncenter is-resized\"><img decoding=\"async\" src=\"https:\/\/contents.mediadecathlon.com\/p1506366\/k$f9d55ea19ec56ffdebd83ef3baf0cb86\/veste-course-homme-run-wind-blanc.jpg?&amp;f=800x800\" alt=\"VESTE COURSE HOMME COURSE AU VENT BLEUE\" style=\"width:465px;height:465px\" width=\"465\" height=\"465\" title=\"VESTE COURSE HOMME COURSE AU VENT BLEUE\"\/><\/figure>\n<\/div>\n\n\n<p>Une seule poche et tr\u00e8s l\u00e9g\u00e8re. Pour le prix elle fait l\u2019affaire. Je la prends d\u00e8s qu\u2019il fait en dessous de 5\u00b0C. Par tout temps d\u2019hiver, une veste et un chandail m\u2019ont suffit. L\u2019important en course est de se prot\u00e9ger du vent: <strong>la capuche est ESSENTIELLE<\/strong>. Pour la pluie, je pense que l\u2019essentiel est d\u2019adapter son planning pour l\u2019\u00e9viter. Si il pleut pendant l\u2019entrainement cela n\u2019a que peu d\u2019incidence sur la qualit\u00e9 de celui-ci et le risque de prendre froid est minime. Cependant, si vous voulez courir des longues sous la pluie au d\u00e9but de l\u2019hiver, une protection contre la pluie peut \u00eatre n\u00e9cessaire. A vous de voir, pour ma part, uniquement coupe vent! En m\u00eame temps, si il pleut, c&rsquo;est qu&rsquo;il fait encore chaud!!<\/p>\n","protected":false},"excerpt":{"rendered":"<p>Chandails Si au d\u00e9part je courrais avec ce qui me passait par la main, au fil du temps, je suis plus exigent. Les chandails techniques apportent un gros plus sur la gestion de chaleur. Pour la saison 2020 chaude ou les longues, j\u2019ai trouv\u00e9 le mod\u00e8le de Salomon T-SHIRT SENSE PRO \u2013 HOMME. 90g, il [&hellip;]<\/p>\n","protected":false},"author":1,"featured_media":0,"parent":0,"menu_order":0,"comment_status":"closed","ping_status":"closed","template":"","meta":{"footnotes":""},"class_list":["post-601","page","type-page","status-publish","czr-hentry"],"_links":{"self":[{"href":"https:\/\/run.tribudelattre.ca\/index.php\/wp-json\/wp\/v2\/pages\/601","targetHints":{"allow":["GET"]}}],"collection":[{"href":"https:\/\/run.tribudelattre.ca\/index.php\/wp-json\/wp\/v2\/pages"}],"about":[{"href":"https:\/\/run.tribudelattre.ca\/index.php\/wp-json\/wp\/v2\/types\/page"}],"author":[{"embeddable":true,"href":"https:\/\/run.tribudelattre.ca\/index.php\/wp-json\/wp\/v2\/users\/1"}],"replies":[{"embeddable":true,"href":"https:\/\/run.tribudelattre.ca\/index.php\/wp-json\/wp\/v2\/comments?post=601"}],"version-history":[{"count":5,"href":"https:\/\/run.tribudelattre.ca\/index.php\/wp-json\/wp\/v2\/pages\/601\/revisions"}],"predecessor-version":[{"id":1732,"href":"https:\/\/run.tribudelattre.ca\/index.php\/wp-json\/wp\/v2\/pages\/601\/revisions\/1732"}],"wp:attachment":[{"href":"https:\/\/run.tribudelattre.ca\/index.php\/wp-json\/wp\/v2\/media?parent=601"}],"curies":[{"name":"wp","href":"https:\/\/api.w.org\/{rel}","templated":true}]}}