{"id":607,"date":"2020-11-21T05:50:34","date_gmt":"2020-11-21T10:50:34","guid":{"rendered":"https:\/\/run.tribudelattre.ca\/?page_id=607"},"modified":"2025-09-06T17:47:11","modified_gmt":"2025-09-06T21:47:11","slug":"tuques-mitaines-et-autres","status":"publish","type":"page","link":"https:\/\/run.tribudelattre.ca\/index.php\/tuques-mitaines-et-autres\/","title":{"rendered":"T\u00eate, mains et cou"},"content":{"rendered":"\n<p><strong>Tuques et gants<\/strong><\/p>\n\n\n\n<p>Ma tuque d\u2019hiver est une&nbsp;<a rel=\"noreferrer noopener\" href=\"https:\/\/www.decathlon.ca\/fr\/casquettes-tuques-et-gants\/157211-7581-tuque-course-noire.html#\/demodelsize-407adulte\/demodelcolor-8368935\" target=\"_blank\">tuque de Kalenji&nbsp;<\/a>chez<a rel=\"noreferrer noopener\" href=\"https:\/\/www.decathlon.ca\/fr\/casquettes-tuques-et-gants\/157211-7581-tuque-course-noire.html#\/demodelsize-407adulte\/demodelcolor-8368935\" target=\"_blank\">&nbsp;D\u00e9cathlon<\/a>&nbsp;synth\u00e9tique. Elle est robuste et tient suffisamment chaud l\u2019hiver par tout temps. Besoin de rien de plus! Pas d\u2019allergie, je la supporte. Il en existe aussi en m\u00e9rinos mais le gain ne me semble pas valoir le prix.<\/p>\n\n\n<div class=\"wp-block-image\">\n<figure class=\"aligncenter is-resized\"><img decoding=\"async\" src=\"https:\/\/contents.mediadecathlon.com\/p1007226\/k$e12f4b227461de4aedb71daabecc5cd7\/tuque-course-noire.jpg?&amp;f=800x800\" alt=\"TUQUE COURSE NOIRE\" style=\"width:422px;height:422px\" title=\"TUQUE COURSE NOIRE\"\/><\/figure>\n<\/div>\n\n\n<p>Par grand froid et si la sortie s&rsquo;\u00e9ternise, les paupi\u00e8res et la m\u00e2choire peuvent s&rsquo;engourdir. La sensation est bizarre et peu \u00eatre grave. <\/p>\n\n\n\n<p>Actuellement je n&rsquo;en utilise pas, mais il existe des cagoules permettant de prot\u00e9ger le visage du froid en ne laissant appara\u00eetre que la bouche et les narines.<\/p>\n\n\n\n<p>Un cache cou (synth\u00e9tique fin) permet de couper relativement la perte de chaleur. Indispensable \u00e0 mon sens l&rsquo;hiver. Cependant, si vous respirez \u00e0 travers, l&rsquo;eau g\u00e8le et rigidifie le cache&#8230; Donc, il ne faut couvrir les oreilles, les joues, le menton. Pour les l\u00e8vres et le nez, oubliez.<\/p>\n\n\n\n<p>Il existe des cagoules mais je n&rsquo;ai pas essay\u00e9.<\/p>\n\n\n\n<p>Pour les gants, j\u2019ai des\u00a0<a href=\"https:\/\/www.decathlon.ca\/fr\/gants-et-mitaines\/173114-55797-sous-gants-randonnee-en-montagne-rando-500-violet.html#\/29396-demodelcolor-8390719\/33501-demodelsize-200m_g\" target=\"_blank\" rel=\"noreferrer noopener\">sous gants synth\u00e9tiques<\/a>\u00a0qui font l\u2019affaire. Jamais eu froid. En revanche, faut pas s\u2019arr\u00eater trop longtemps! Pratique, l\u00e9ger, moche, personne ne vous les volera! Par mauvais temps, je les double avec des gants Kombi.<\/p>\n\n\n<div class=\"wp-block-image\">\n<figure class=\"aligncenter is-resized\"><img decoding=\"async\" src=\"https:\/\/contents.mediadecathlon.com\/p1198790\/k$e8e9bfe414336730b17eea390e83f27e\/sous-gants-randonnee-en-montagne-rando-500-violet.jpg?&amp;f=800x800\" alt=\"Sous-gants randonn\u00e9e en montagne RANDO 500 bleus\" style=\"width:402px;height:402px\" title=\"Sous-gants randonn\u00e9e en montagne RANDO 500 bleus\"\/><\/figure>\n<\/div>\n\n<div class=\"wp-block-image\">\n<figure class=\"aligncenter size-large is-resized\"><img decoding=\"async\" width=\"853\" height=\"1024\" src=\"https:\/\/run.tribudelattre.ca\/wp-content\/uploads\/2025\/09\/image-853x1024.png\" alt=\"\" class=\"wp-image-3507\" style=\"width:491px;height:auto\" srcset=\"https:\/\/run.tribudelattre.ca\/wp-content\/uploads\/2025\/09\/image-853x1024.png 853w, https:\/\/run.tribudelattre.ca\/wp-content\/uploads\/2025\/09\/image-250x300.png 250w, https:\/\/run.tribudelattre.ca\/wp-content\/uploads\/2025\/09\/image-768x922.png 768w, https:\/\/run.tribudelattre.ca\/wp-content\/uploads\/2025\/09\/image.png 1274w\" sizes=\"(max-width: 853px) 100vw, 853px\" \/><figcaption class=\"wp-element-caption\">Gant Kombi pour les grands froids (illustration)<\/figcaption><\/figure>\n<\/div>\n\n<div class=\"wp-block-image\">\n<figure class=\"aligncenter is-resized\"><img decoding=\"async\" src=\"https:\/\/contents.mediadecathlon.com\/p1807609\/k$c7bd0fe9e22f36d0192ef2838e9a25a5\/bandeau-course-multifonctions-gris.jpg?&amp;f=800x800\" alt=\"Bandeau de course \u00e0 pied multifonctions\" style=\"width:492px;height:492px\" title=\"Bandeau de course \u00e0 pied multifonctions\"\/><\/figure>\n<\/div>","protected":false},"excerpt":{"rendered":"<p>Tuques et gants Ma tuque d\u2019hiver est une&nbsp;tuque de Kalenji&nbsp;chez&nbsp;D\u00e9cathlon&nbsp;synth\u00e9tique. Elle est robuste et tient suffisamment chaud l\u2019hiver par tout temps. Besoin de rien de plus! Pas d\u2019allergie, je la supporte. Il en existe aussi en m\u00e9rinos mais le gain ne me semble pas valoir le prix. Par grand froid et si la sortie s&rsquo;\u00e9ternise, [&hellip;]<\/p>\n","protected":false},"author":1,"featured_media":0,"parent":0,"menu_order":0,"comment_status":"closed","ping_status":"closed","template":"","meta":{"footnotes":""},"class_list":["post-607","page","type-page","status-publish","czr-hentry"],"_links":{"self":[{"href":"https:\/\/run.tribudelattre.ca\/index.php\/wp-json\/wp\/v2\/pages\/607","targetHints":{"allow":["GET"]}}],"collection":[{"href":"https:\/\/run.tribudelattre.ca\/index.php\/wp-json\/wp\/v2\/pages"}],"about":[{"href":"https:\/\/run.tribudelattre.ca\/index.php\/wp-json\/wp\/v2\/types\/page"}],"author":[{"embeddable":true,"href":"https:\/\/run.tribudelattre.ca\/index.php\/wp-json\/wp\/v2\/users\/1"}],"replies":[{"embeddable":true,"href":"https:\/\/run.tribudelattre.ca\/index.php\/wp-json\/wp\/v2\/comments?post=607"}],"version-history":[{"count":3,"href":"https:\/\/run.tribudelattre.ca\/index.php\/wp-json\/wp\/v2\/pages\/607\/revisions"}],"predecessor-version":[{"id":3508,"href":"https:\/\/run.tribudelattre.ca\/index.php\/wp-json\/wp\/v2\/pages\/607\/revisions\/3508"}],"wp:attachment":[{"href":"https:\/\/run.tribudelattre.ca\/index.php\/wp-json\/wp\/v2\/media?parent=607"}],"curies":[{"name":"wp","href":"https:\/\/api.w.org\/{rel}","templated":true}]}}